{"id":10231,"date":"2024-09-24T09:24:47","date_gmt":"2024-09-24T07:24:47","guid":{"rendered":"https:\/\/www.ghstudio.it\/?page_id=10231"},"modified":"2024-10-19T18:39:50","modified_gmt":"2024-10-19T16:39:50","slug":"progetti-archivio","status":"publish","type":"page","link":"https:\/\/www.ghstudio.it\/en\/progetti-archivio\/","title":{"rendered":"Progetti d&#8217;Archivio"},"content":{"rendered":"<div data-elementor-type=\"wp-page\" data-elementor-id=\"10231\" class=\"elementor elementor-10231\">\n\t\t\t\t\t\t<div class=\"elementor-section elementor-top-section elementor-element elementor-element-7c6ed5e elementor-section-boxed elementor-section-height-default elementor-section-height-default\" data-id=\"7c6ed5e\" data-element_type=\"section\" data-e-type=\"section\">\n\t\t\t\t\t\t<div class=\"elementor-container elementor-column-gap-default\">\n\t\t\t\t\t<div class=\"elementor-column elementor-col-100 elementor-top-column elementor-element elementor-element-622f4be\" data-id=\"622f4be\" data-element_type=\"column\" data-e-type=\"column\">\n\t\t\t<div class=\"elementor-widget-wrap elementor-element-populated\">\n\t\t\t\t\t\t<div class=\"elementor-element elementor-element-e512fd7 elementor-widget elementor-widget-heading\" data-id=\"e512fd7\" data-element_type=\"widget\" data-e-type=\"widget\" data-widget_type=\"heading.default\">\n\t\t\t\t<div class=\"elementor-widget-container\">\n\t\t\t\t\t<span class=\"elementor-heading-title elementor-size-default\">ARCHITECTURE IS THE ADAPTATION OF FORMS TO CONTRARY FORCES<\/span>\t\t\t\t<\/div>\n\t\t\t\t<\/div>\n\t\t\t\t<div class=\"elementor-element elementor-element-932130f elementor-widget elementor-widget-heading\" data-id=\"932130f\" data-element_type=\"widget\" data-e-type=\"widget\" data-widget_type=\"heading.default\">\n\t\t\t\t<div class=\"elementor-widget-container\">\n\t\t\t\t\t<h2 class=\"elementor-heading-title elementor-size-default\">Progetti d'archivio<\/h2>\t\t\t\t<\/div>\n\t\t\t\t<\/div>\n\t\t\t\t<div class=\"elementor-section elementor-inner-section elementor-element elementor-element-58c3f02b gallery-box elementor-section-boxed elementor-section-height-default elementor-section-height-default\" data-id=\"58c3f02b\" data-element_type=\"section\" data-e-type=\"section\">\n\t\t\t\t\t\t<div class=\"elementor-container elementor-column-gap-default\">\n\t\t\t\t\t<div class=\"elementor-column elementor-col-33 elementor-inner-column elementor-element elementor-element-553606e0 gallery-item\" data-id=\"553606e0\" data-element_type=\"column\" data-e-type=\"column\">\n\t\t\t<div class=\"elementor-widget-wrap elementor-element-populated\">\n\t\t\t\t\t\t<div class=\"elementor-element elementor-element-7ee6a9ce gallery-banner elementor-widget elementor-widget-image\" data-id=\"7ee6a9ce\" data-element_type=\"widget\" data-e-type=\"widget\" data-widget_type=\"image.default\">\n\t\t\t\t<div class=\"elementor-widget-container\">\n\t\t\t\t\t\t\t\t\t\t\t\t\t\t\t\t<a href=\"https:\/\/www.ghstudio.it\/en\/2021\/12\/07\/villa-v\/\">\n\t\t\t\t\t\t\t<img fetchpriority=\"high\" decoding=\"async\" width=\"507\" height=\"600\" src=\"https:\/\/www.ghstudio.it\/wp-content\/uploads\/2024\/01\/01-Villa-v.jpg\" class=\"attachment-full size-full wp-image-9679\" alt=\"\" srcset=\"https:\/\/www.ghstudio.it\/wp-content\/uploads\/2024\/01\/01-Villa-v.jpg 507w, https:\/\/www.ghstudio.it\/wp-content\/uploads\/2024\/01\/01-Villa-v-254x300.jpg 254w\" sizes=\"(max-width: 507px) 100vw, 507px\" \/>\t\t\t\t\t\t\t\t<\/a>\n\t\t\t\t\t\t\t\t\t\t\t\t\t\t\t<\/div>\n\t\t\t\t<\/div>\n\t\t\t\t<div class=\"elementor-element elementor-element-55d5073d gallery-banner elementor-widget elementor-widget-image\" data-id=\"55d5073d\" data-element_type=\"widget\" data-e-type=\"widget\" data-widget_type=\"image.default\">\n\t\t\t\t<div class=\"elementor-widget-container\">\n\t\t\t\t\t\t\t\t\t\t\t\t\t\t\t\t<a href=\"https:\/\/www.ghstudio.it\/en\/2022\/01\/19\/ristorante-in-como\/\">\n\t\t\t\t\t\t\t<img decoding=\"async\" width=\"507\" height=\"508\" src=\"https:\/\/www.ghstudio.it\/wp-content\/uploads\/2024\/01\/02-Ristorate-.jpg\" class=\"attachment-full size-full wp-image-9680\" alt=\"\" srcset=\"https:\/\/www.ghstudio.it\/wp-content\/uploads\/2024\/01\/02-Ristorate-.jpg 507w, https:\/\/www.ghstudio.it\/wp-content\/uploads\/2024\/01\/02-Ristorate--300x300.jpg 300w, https:\/\/www.ghstudio.it\/wp-content\/uploads\/2024\/01\/02-Ristorate--150x150.jpg 150w\" sizes=\"(max-width: 507px) 100vw, 507px\" \/>\t\t\t\t\t\t\t\t<\/a>\n\t\t\t\t\t\t\t\t\t\t\t\t\t\t\t<\/div>\n\t\t\t\t<\/div>\n\t\t\t\t<div class=\"elementor-element elementor-element-62698cb gallery-banner elementor-widget elementor-widget-image\" data-id=\"62698cb\" data-element_type=\"widget\" data-e-type=\"widget\" data-widget_type=\"image.default\">\n\t\t\t\t<div class=\"elementor-widget-container\">\n\t\t\t\t\t\t\t\t\t\t\t\t\t\t\t\t<a href=\"https:\/\/www.ghstudio.it\/en\/2021\/11\/06\/hotel-c-c\/\">\n\t\t\t\t\t\t\t<img decoding=\"async\" width=\"2020\" height=\"2000\" src=\"https:\/\/www.ghstudio.it\/wp-content\/uploads\/2024\/01\/03-hotel.jpg\" class=\"attachment-full size-full wp-image-9681\" alt=\"\" srcset=\"https:\/\/www.ghstudio.it\/wp-content\/uploads\/2024\/01\/03-hotel.jpg 2020w, https:\/\/www.ghstudio.it\/wp-content\/uploads\/2024\/01\/03-hotel-300x297.jpg 300w, https:\/\/www.ghstudio.it\/wp-content\/uploads\/2024\/01\/03-hotel-1024x1014.jpg 1024w, https:\/\/www.ghstudio.it\/wp-content\/uploads\/2024\/01\/03-hotel-150x150.jpg 150w, https:\/\/www.ghstudio.it\/wp-content\/uploads\/2024\/01\/03-hotel-768x760.jpg 768w, https:\/\/www.ghstudio.it\/wp-content\/uploads\/2024\/01\/03-hotel-1536x1521.jpg 1536w\" sizes=\"(max-width: 2020px) 100vw, 2020px\" \/>\t\t\t\t\t\t\t\t<\/a>\n\t\t\t\t\t\t\t\t\t\t\t\t\t\t\t<\/div>\n\t\t\t\t<\/div>\n\t\t\t\t\t<\/div>\n\t\t<\/div>\n\t\t\t\t<div class=\"elementor-column elementor-col-33 elementor-inner-column elementor-element elementor-element-1db2530 gallery-item\" data-id=\"1db2530\" data-element_type=\"column\" data-e-type=\"column\">\n\t\t\t<div class=\"elementor-widget-wrap elementor-element-populated\">\n\t\t\t\t\t\t<div class=\"elementor-element elementor-element-5a11bd6b gallery-banner elementor-widget elementor-widget-image\" data-id=\"5a11bd6b\" data-element_type=\"widget\" data-e-type=\"widget\" data-widget_type=\"image.default\">\n\t\t\t\t<div class=\"elementor-widget-container\">\n\t\t\t\t\t\t\t\t\t\t\t\t\t\t\t\t<a href=\"https:\/\/www.ghstudio.it\/en\/2024\/01\/22\/primaclasse\/\">\n\t\t\t\t\t\t\t<img loading=\"lazy\" decoding=\"async\" width=\"2560\" height=\"2089\" src=\"https:\/\/www.ghstudio.it\/wp-content\/uploads\/2024\/01\/04-primaclasse--scaled.jpg\" class=\"attachment-full size-full wp-image-9682\" alt=\"\" srcset=\"https:\/\/www.ghstudio.it\/wp-content\/uploads\/2024\/01\/04-primaclasse--scaled.jpg 2560w, https:\/\/www.ghstudio.it\/wp-content\/uploads\/2024\/01\/04-primaclasse--300x245.jpg 300w, https:\/\/www.ghstudio.it\/wp-content\/uploads\/2024\/01\/04-primaclasse--1024x835.jpg 1024w, https:\/\/www.ghstudio.it\/wp-content\/uploads\/2024\/01\/04-primaclasse--768x627.jpg 768w, https:\/\/www.ghstudio.it\/wp-content\/uploads\/2024\/01\/04-primaclasse--1536x1253.jpg 1536w, https:\/\/www.ghstudio.it\/wp-content\/uploads\/2024\/01\/04-primaclasse--2048x1671.jpg 2048w\" sizes=\"(max-width: 2560px) 100vw, 2560px\" \/>\t\t\t\t\t\t\t\t<\/a>\n\t\t\t\t\t\t\t\t\t\t\t\t\t\t\t<\/div>\n\t\t\t\t<\/div>\n\t\t\t\t<div class=\"elementor-element elementor-element-645dfde3 gallery-banner elementor-widget elementor-widget-image\" data-id=\"645dfde3\" data-element_type=\"widget\" data-e-type=\"widget\" data-widget_type=\"image.default\">\n\t\t\t\t<div class=\"elementor-widget-container\">\n\t\t\t\t\t\t\t\t\t\t\t\t\t\t\t\t<a href=\"https:\/\/www.ghstudio.it\/en\/2022\/03\/01\/casale-b\/\">\n\t\t\t\t\t\t\t<img loading=\"lazy\" decoding=\"async\" width=\"2152\" height=\"2560\" src=\"https:\/\/www.ghstudio.it\/wp-content\/uploads\/2024\/01\/05-casale-B-scaled.jpg\" class=\"attachment-full size-full wp-image-9683\" alt=\"\" srcset=\"https:\/\/www.ghstudio.it\/wp-content\/uploads\/2024\/01\/05-casale-B-scaled.jpg 2152w, https:\/\/www.ghstudio.it\/wp-content\/uploads\/2024\/01\/05-casale-B-252x300.jpg 252w, https:\/\/www.ghstudio.it\/wp-content\/uploads\/2024\/01\/05-casale-B-861x1024.jpg 861w, https:\/\/www.ghstudio.it\/wp-content\/uploads\/2024\/01\/05-casale-B-768x913.jpg 768w, https:\/\/www.ghstudio.it\/wp-content\/uploads\/2024\/01\/05-casale-B-1291x1536.jpg 1291w, https:\/\/www.ghstudio.it\/wp-content\/uploads\/2024\/01\/05-casale-B-1722x2048.jpg 1722w\" sizes=\"(max-width: 2152px) 100vw, 2152px\" \/>\t\t\t\t\t\t\t\t<\/a>\n\t\t\t\t\t\t\t\t\t\t\t\t\t\t\t<\/div>\n\t\t\t\t<\/div>\n\t\t\t\t<div class=\"elementor-element elementor-element-8c6b613 gallery-banner elementor-widget elementor-widget-image\" data-id=\"8c6b613\" data-element_type=\"widget\" data-e-type=\"widget\" data-widget_type=\"image.default\">\n\t\t\t\t<div class=\"elementor-widget-container\">\n\t\t\t\t\t\t\t\t\t\t\t\t\t\t\t\t<a href=\"https:\/\/www.ghstudio.it\/en\/2022\/02\/14\/villa-l\/\">\n\t\t\t\t\t\t\t<img loading=\"lazy\" decoding=\"async\" width=\"1928\" height=\"2263\" src=\"https:\/\/www.ghstudio.it\/wp-content\/uploads\/2024\/01\/06-villa-L-rotated-e1705745276390.jpg\" class=\"attachment-full size-full wp-image-9684\" alt=\"\" srcset=\"https:\/\/www.ghstudio.it\/wp-content\/uploads\/2024\/01\/06-villa-L-rotated-e1705745276390.jpg 1928w, https:\/\/www.ghstudio.it\/wp-content\/uploads\/2024\/01\/06-villa-L-rotated-e1705745276390-256x300.jpg 256w, https:\/\/www.ghstudio.it\/wp-content\/uploads\/2024\/01\/06-villa-L-rotated-e1705745276390-872x1024.jpg 872w, https:\/\/www.ghstudio.it\/wp-content\/uploads\/2024\/01\/06-villa-L-rotated-e1705745276390-768x901.jpg 768w, https:\/\/www.ghstudio.it\/wp-content\/uploads\/2024\/01\/06-villa-L-rotated-e1705745276390-1309x1536.jpg 1309w, https:\/\/www.ghstudio.it\/wp-content\/uploads\/2024\/01\/06-villa-L-rotated-e1705745276390-1745x2048.jpg 1745w\" sizes=\"(max-width: 1928px) 100vw, 1928px\" \/>\t\t\t\t\t\t\t\t<\/a>\n\t\t\t\t\t\t\t\t\t\t\t\t\t\t\t<\/div>\n\t\t\t\t<\/div>\n\t\t\t\t\t<\/div>\n\t\t<\/div>\n\t\t\t\t<div class=\"elementor-column elementor-col-33 elementor-inner-column elementor-element elementor-element-4f6cd37 gallery-item\" data-id=\"4f6cd37\" data-element_type=\"column\" data-e-type=\"column\">\n\t\t\t<div class=\"elementor-widget-wrap elementor-element-populated\">\n\t\t\t\t\t\t<div class=\"elementor-element elementor-element-710312c6 gallery-banner elementor-widget elementor-widget-image\" data-id=\"710312c6\" data-element_type=\"widget\" data-e-type=\"widget\" data-widget_type=\"image.default\">\n\t\t\t\t<div class=\"elementor-widget-container\">\n\t\t\t\t\t\t\t\t\t\t\t\t\t\t\t\t<a href=\"https:\/\/www.ghstudio.it\/en\/2022\/04\/16\/attico-e\/\">\n\t\t\t\t\t\t\t<img loading=\"lazy\" decoding=\"async\" width=\"2327\" height=\"2560\" src=\"https:\/\/www.ghstudio.it\/wp-content\/uploads\/2024\/01\/07-attico-E-scaled.jpg\" class=\"attachment-full size-full wp-image-9685\" alt=\"\" srcset=\"https:\/\/www.ghstudio.it\/wp-content\/uploads\/2024\/01\/07-attico-E-scaled.jpg 2327w, https:\/\/www.ghstudio.it\/wp-content\/uploads\/2024\/01\/07-attico-E-273x300.jpg 273w, https:\/\/www.ghstudio.it\/wp-content\/uploads\/2024\/01\/07-attico-E-931x1024.jpg 931w, https:\/\/www.ghstudio.it\/wp-content\/uploads\/2024\/01\/07-attico-E-768x845.jpg 768w, https:\/\/www.ghstudio.it\/wp-content\/uploads\/2024\/01\/07-attico-E-1396x1536.jpg 1396w, https:\/\/www.ghstudio.it\/wp-content\/uploads\/2024\/01\/07-attico-E-1862x2048.jpg 1862w\" sizes=\"(max-width: 2327px) 100vw, 2327px\" \/>\t\t\t\t\t\t\t\t<\/a>\n\t\t\t\t\t\t\t\t\t\t\t\t\t\t\t<\/div>\n\t\t\t\t<\/div>\n\t\t\t\t<div class=\"elementor-element elementor-element-28d11a8f gallery-banner elementor-widget elementor-widget-image\" data-id=\"28d11a8f\" data-element_type=\"widget\" data-e-type=\"widget\" data-widget_type=\"image.default\">\n\t\t\t\t<div class=\"elementor-widget-container\">\n\t\t\t\t\t\t\t\t\t\t\t\t\t\t\t\t<a href=\"https:\/\/www.ghstudio.it\/en\/2024\/01\/22\/villa-f\/\">\n\t\t\t\t\t\t\t<img loading=\"lazy\" decoding=\"async\" width=\"1897\" height=\"2052\" src=\"https:\/\/www.ghstudio.it\/wp-content\/uploads\/2024\/01\/08-villa-f.jpg\" class=\"attachment-full size-full wp-image-9686\" alt=\"\" srcset=\"https:\/\/www.ghstudio.it\/wp-content\/uploads\/2024\/01\/08-villa-f.jpg 1897w, https:\/\/www.ghstudio.it\/wp-content\/uploads\/2024\/01\/08-villa-f-277x300.jpg 277w, https:\/\/www.ghstudio.it\/wp-content\/uploads\/2024\/01\/08-villa-f-947x1024.jpg 947w, https:\/\/www.ghstudio.it\/wp-content\/uploads\/2024\/01\/08-villa-f-768x831.jpg 768w, https:\/\/www.ghstudio.it\/wp-content\/uploads\/2024\/01\/08-villa-f-1420x1536.jpg 1420w, https:\/\/www.ghstudio.it\/wp-content\/uploads\/2024\/01\/08-villa-f-1893x2048.jpg 1893w\" sizes=\"(max-width: 1897px) 100vw, 1897px\" \/>\t\t\t\t\t\t\t\t<\/a>\n\t\t\t\t\t\t\t\t\t\t\t\t\t\t\t<\/div>\n\t\t\t\t<\/div>\n\t\t\t\t<div class=\"elementor-element elementor-element-0ecffa9 gallery-banner elementor-widget elementor-widget-image\" data-id=\"0ecffa9\" data-element_type=\"widget\" data-e-type=\"widget\" data-widget_type=\"image.default\">\n\t\t\t\t<div class=\"elementor-widget-container\">\n\t\t\t\t\t\t\t\t\t\t\t\t\t\t\t\t<a href=\"https:\/\/www.ghstudio.it\/en\/2022\/04\/10\/casa-b\/\">\n\t\t\t\t\t\t\t<img loading=\"lazy\" decoding=\"async\" width=\"2533\" height=\"2560\" src=\"https:\/\/www.ghstudio.it\/wp-content\/uploads\/2024\/01\/09-Casa-b-scaled.jpg\" class=\"attachment-full size-full wp-image-9687\" alt=\"\" srcset=\"https:\/\/www.ghstudio.it\/wp-content\/uploads\/2024\/01\/09-Casa-b-scaled.jpg 2533w, https:\/\/www.ghstudio.it\/wp-content\/uploads\/2024\/01\/09-Casa-b-297x300.jpg 297w, https:\/\/www.ghstudio.it\/wp-content\/uploads\/2024\/01\/09-Casa-b-1013x1024.jpg 1013w, https:\/\/www.ghstudio.it\/wp-content\/uploads\/2024\/01\/09-Casa-b-768x776.jpg 768w, https:\/\/www.ghstudio.it\/wp-content\/uploads\/2024\/01\/09-Casa-b-1520x1536.jpg 1520w, https:\/\/www.ghstudio.it\/wp-content\/uploads\/2024\/01\/09-Casa-b-2026x2048.jpg 2026w\" sizes=\"(max-width: 2533px) 100vw, 2533px\" \/>\t\t\t\t\t\t\t\t<\/a>\n\t\t\t\t\t\t\t\t\t\t\t\t\t\t\t<\/div>\n\t\t\t\t<\/div>\n\t\t\t\t\t<\/div>\n\t\t<\/div>\n\t\t\t\t\t<\/div>\n\t\t<\/div>\n\t\t\t\t\t<\/div>\n\t\t<\/div>\n\t\t\t\t\t<\/div>\n\t\t<\/div>\n\t\t\t\t<div class=\"elementor-section elementor-top-section elementor-element elementor-element-e2f022c elementor-section-boxed elementor-section-height-default elementor-section-height-default\" data-id=\"e2f022c\" data-element_type=\"section\" data-e-type=\"section\">\n\t\t\t\t\t\t<div class=\"elementor-container elementor-column-gap-default\">\n\t\t\t\t\t<div class=\"elementor-column elementor-col-100 elementor-top-column elementor-element elementor-element-9be6b70\" data-id=\"9be6b70\" data-element_type=\"column\" data-e-type=\"column\">\n\t\t\t<div class=\"elementor-widget-wrap elementor-element-populated\">\n\t\t\t\t\t\t<div class=\"elementor-element elementor-element-fc8d908 elementor-widget elementor-widget-heading\" data-id=\"fc8d908\" data-element_type=\"widget\" data-e-type=\"widget\" data-widget_type=\"heading.default\">\n\t\t\t\t<div class=\"elementor-widget-container\">\n\t\t\t\t\t<h2 class=\"elementor-heading-title elementor-size-default\">Our areas of expertise<\/h2>\t\t\t\t<\/div>\n\t\t\t\t<\/div>\n\t\t\t\t<div class=\"elementor-section elementor-inner-section elementor-element elementor-element-ffffd98 team-main elementor-section-boxed elementor-section-height-default elementor-section-height-default\" data-id=\"ffffd98\" data-element_type=\"section\" data-e-type=\"section\">\n\t\t\t\t\t\t<div class=\"elementor-container elementor-column-gap-default\">\n\t\t\t\t\t<div class=\"elementor-column elementor-col-33 elementor-inner-column elementor-element elementor-element-963fce1\" data-id=\"963fce1\" data-element_type=\"column\" data-e-type=\"column\">\n\t\t\t<div class=\"elementor-widget-wrap elementor-element-populated\">\n\t\t\t\t\t\t<div class=\"elementor-element elementor-element-01a7cb9 elementor-position-top elementor-widget elementor-widget-image-box\" data-id=\"01a7cb9\" data-element_type=\"widget\" data-e-type=\"widget\" data-widget_type=\"image-box.default\">\n\t\t\t\t<div class=\"elementor-widget-container\">\n\t\t\t\t\t<div class=\"elementor-image-box-wrapper\"><figure class=\"elementor-image-box-img\"><a href=\"\/en\/architettura\/\" tabindex=\"-1\"><img decoding=\"async\" src=\"https:\/\/www.ghstudio.it\/wp-content\/uploads\/elementor\/thumbs\/Architettura-qioym4rqa1lzhe1fojv4jq9153uzjuyifzsl1qbmao.jpg\" title=\"Architecture\" alt=\"Architettura\" loading=\"lazy\" \/><\/a><\/figure><div class=\"elementor-image-box-content\"><span class=\"elementor-image-box-title\"><a href=\"\/en\/architettura\/\">Architecture<\/a><\/span><\/div><\/div>\t\t\t\t<\/div>\n\t\t\t\t<\/div>\n\t\t\t\t\t<\/div>\n\t\t<\/div>\n\t\t\t\t<div class=\"elementor-column elementor-col-33 elementor-inner-column elementor-element elementor-element-9e2a5ed\" data-id=\"9e2a5ed\" data-element_type=\"column\" data-e-type=\"column\">\n\t\t\t<div class=\"elementor-widget-wrap elementor-element-populated\">\n\t\t\t\t\t\t<div class=\"elementor-element elementor-element-7a4938e elementor-position-top elementor-widget elementor-widget-image-box\" data-id=\"7a4938e\" data-element_type=\"widget\" data-e-type=\"widget\" data-widget_type=\"image-box.default\">\n\t\t\t\t<div class=\"elementor-widget-container\">\n\t\t\t\t\t<div class=\"elementor-image-box-wrapper\"><figure class=\"elementor-image-box-img\"><a href=\"\/en\/arte\/\" tabindex=\"-1\"><img decoding=\"async\" src=\"https:\/\/www.ghstudio.it\/wp-content\/uploads\/elementor\/thumbs\/Arte-qioym5pkgvn9t002j29r480hqhqcrk28s4g2j0a84g.jpg\" title=\"Arte\" alt=\"Arte\" loading=\"lazy\" \/><\/a><\/figure><div class=\"elementor-image-box-content\"><span class=\"elementor-image-box-title\"><a href=\"\/en\/arte\/\">Arte<\/a><\/span><\/div><\/div>\t\t\t\t<\/div>\n\t\t\t\t<\/div>\n\t\t\t\t\t<\/div>\n\t\t<\/div>\n\t\t\t\t<div class=\"elementor-column elementor-col-33 elementor-inner-column elementor-element elementor-element-cd94e75\" data-id=\"cd94e75\" data-element_type=\"column\" data-e-type=\"column\">\n\t\t\t<div class=\"elementor-widget-wrap elementor-element-populated\">\n\t\t\t\t\t\t<div class=\"elementor-element elementor-element-41eda27 elementor-position-top elementor-widget elementor-widget-image-box\" data-id=\"41eda27\" data-element_type=\"widget\" data-e-type=\"widget\" data-widget_type=\"image-box.default\">\n\t\t\t\t<div class=\"elementor-widget-container\">\n\t\t\t\t\t<div class=\"elementor-image-box-wrapper\"><figure class=\"elementor-image-box-img\"><a href=\"\/en\/territorio\/\" tabindex=\"-1\"><img decoding=\"async\" src=\"https:\/\/www.ghstudio.it\/wp-content\/uploads\/elementor\/thumbs\/Territorio-qioym6nenpok4lypdkodoprybvlpz95z493k0a8ty8.jpg\" title=\"Territory\" alt=\"Territorio\" loading=\"lazy\" \/><\/a><\/figure><div class=\"elementor-image-box-content\"><span class=\"elementor-image-box-title\"><a href=\"\/en\/territorio\/\">Territory<\/a><\/span><\/div><\/div>\t\t\t\t<\/div>\n\t\t\t\t<\/div>\n\t\t\t\t\t<\/div>\n\t\t<\/div>\n\t\t\t\t\t<\/div>\n\t\t<\/div>\n\t\t\t\t\t<\/div>\n\t\t<\/div>\n\t\t\t\t\t<\/div>\n\t\t<\/div>\n\t\t\t\t<div class=\"elementor-section elementor-top-section elementor-element elementor-element-8d26a42 elementor-section-full_width elementor-section-stretched elementor-section-height-min-height elementor-section-height-default elementor-section-items-middle\" data-id=\"8d26a42\" data-element_type=\"section\" data-e-type=\"section\" data-settings=\"{&quot;background_background&quot;:&quot;classic&quot;,&quot;stretch_section&quot;:&quot;section-stretched&quot;}\">\n\t\t\t\t\t\t<div class=\"elementor-container elementor-column-gap-default\">\n\t\t\t\t\t<div class=\"elementor-column elementor-col-100 elementor-top-column elementor-element elementor-element-092380b\" data-id=\"092380b\" data-element_type=\"column\" data-e-type=\"column\">\n\t\t\t<div class=\"elementor-widget-wrap elementor-element-populated\">\n\t\t\t\t\t\t<div class=\"elementor-element elementor-element-65fe017 elementor-view-default elementor-widget elementor-widget-icon\" data-id=\"65fe017\" data-element_type=\"widget\" data-e-type=\"widget\" data-widget_type=\"icon.default\">\n\t\t\t\t<div class=\"elementor-widget-container\">\n\t\t\t\t\t\t\t<div class=\"elementor-icon-wrapper\">\n\t\t\t<div class=\"elementor-icon\">\n\t\t\t<i aria-hidden=\"true\" class=\"fas fa-quote-right\"><\/i>\t\t\t<\/div>\n\t\t<\/div>\n\t\t\t\t\t\t<\/div>\n\t\t\t\t<\/div>\n\t\t\t\t<div class=\"elementor-section elementor-inner-section elementor-element elementor-element-4005d14 elementor-section-content-space-between elementor-section-full_width elementor-section-height-default elementor-section-height-default\" data-id=\"4005d14\" data-element_type=\"section\" data-e-type=\"section\">\n\t\t\t\t\t\t<div class=\"elementor-container elementor-column-gap-default\">\n\t\t\t\t\t<div class=\"elementor-column elementor-col-100 elementor-inner-column elementor-element elementor-element-9a1015d\" data-id=\"9a1015d\" data-element_type=\"column\" data-e-type=\"column\" data-settings=\"{&quot;background_background&quot;:&quot;classic&quot;}\">\n\t\t\t<div class=\"elementor-widget-wrap elementor-element-populated\">\n\t\t\t\t\t\t<div class=\"elementor-element elementor-element-736c92d elementor-widget elementor-widget-testimonial\" data-id=\"736c92d\" data-element_type=\"widget\" data-e-type=\"widget\" data-widget_type=\"testimonial.default\">\n\t\t\t\t<div class=\"elementor-widget-container\">\n\t\t\t\t\t\t\t<div class=\"elementor-testimonial-wrapper\">\n\t\t\t\t\t\t\t<div class=\"elementor-testimonial-content\">\u201cIt is not concrete, it is not wood, it is not stone, it is not steel, it is not glass that is the most resistant element. The most resistant material in construction is Art.\u201d<\/div>\n\t\t\t\n\t\t\t\t\t\t<div class=\"elementor-testimonial-meta\">\n\t\t\t\t<div class=\"elementor-testimonial-meta-inner\">\n\t\t\t\t\t\n\t\t\t\t\t\t\t\t\t\t<div class=\"elementor-testimonial-details\">\n\t\t\t\t\t\t\t\t\t\t\t\t\t\t<div class=\"elementor-testimonial-name\">Gio Ponti<\/div>\n\t\t\t\t\t\t\t\t\t\t\t\t\t\t\t\t\t\t\t<\/div>\n\t\t\t\t\t\t\t\t\t<\/div>\n\t\t\t<\/div>\n\t\t\t\t\t<\/div>\n\t\t\t\t\t\t<\/div>\n\t\t\t\t<\/div>\n\t\t\t\t\t<\/div>\n\t\t<\/div>\n\t\t\t\t\t<\/div>\n\t\t<\/div>\n\t\t\t\t\t<\/div>\n\t\t<\/div>\n\t\t\t\t\t<\/div>\n\t\t<\/div>\n\t\t\t\t<\/div>","protected":false},"excerpt":{"rendered":"<p>L\u2019ARCHITETTURA \u00c8 L\u2019ADATTARSI DELLE FORME A FORZE CONTRARIE Progetti d&#8217;archivio Le nostre aree di competenza Architettura Arte Territorio \u201cNon \u00e8 il cemento, non \u00e8 il legno, non \u00e8 la pietra, non \u00e8 l\u2019acciaio, non \u00e8 il vetro l\u2019elemento pi\u00f9 resistente. Il materiale pi\u00f9 resistente nell\u2019edilizia \u00e8 l\u2019arte.\u201d Gio Ponti<\/p>","protected":false},"author":1,"featured_media":0,"parent":0,"menu_order":0,"comment_status":"closed","ping_status":"closed","template":"","meta":{"_tbt_post_transparent":"","_tbt_post_title":"","_tbt_post_layout":"","_tbt_post_sidebar_id":"","_tbt_post_content_style":"","_tbt_post_vertical_padding":"","_tbt_post_feature":"","_tbt_post_feature_position":"","_tbt_post_header":false,"_tbt_post_footer":false},"class_list":["post-10231","page","type-page","status-publish","hentry"],"_links":{"self":[{"href":"https:\/\/www.ghstudio.it\/en\/wp-json\/wp\/v2\/pages\/10231","targetHints":{"allow":["GET"]}}],"collection":[{"href":"https:\/\/www.ghstudio.it\/en\/wp-json\/wp\/v2\/pages"}],"about":[{"href":"https:\/\/www.ghstudio.it\/en\/wp-json\/wp\/v2\/types\/page"}],"author":[{"embeddable":true,"href":"https:\/\/www.ghstudio.it\/en\/wp-json\/wp\/v2\/users\/1"}],"replies":[{"embeddable":true,"href":"https:\/\/www.ghstudio.it\/en\/wp-json\/wp\/v2\/comments?post=10231"}],"version-history":[{"count":4,"href":"https:\/\/www.ghstudio.it\/en\/wp-json\/wp\/v2\/pages\/10231\/revisions"}],"predecessor-version":[{"id":10269,"href":"https:\/\/www.ghstudio.it\/en\/wp-json\/wp\/v2\/pages\/10231\/revisions\/10269"}],"wp:attachment":[{"href":"https:\/\/www.ghstudio.it\/en\/wp-json\/wp\/v2\/media?parent=10231"}],"curies":[{"name":"wp","href":"https:\/\/api.w.org\/{rel}","templated":true}]}}