{"id":9256,"date":"2022-03-08T12:58:22","date_gmt":"2022-03-08T12:58:22","guid":{"rendered":"https:\/\/wp.themedemo.org\/WP01\/WP002\/?page_id=3"},"modified":"2024-07-09T15:18:57","modified_gmt":"2024-07-09T13:18:57","slug":"privacy-policy","status":"publish","type":"page","link":"https:\/\/www.ghstudio.it\/en\/privacy-policy\/","title":{"rendered":"Privacy Policy"},"content":{"rendered":"<div data-elementor-type=\"wp-page\" data-elementor-id=\"9256\" class=\"elementor elementor-9256\">\n\t\t\t\t\t\t<section class=\"elementor-section elementor-top-section elementor-element elementor-element-47f2139f elementor-section-boxed elementor-section-height-default elementor-section-height-default\" data-id=\"47f2139f\" data-element_type=\"section\" data-e-type=\"section\">\n\t\t\t\t\t\t<div class=\"elementor-container elementor-column-gap-default\">\n\t\t\t\t\t<div class=\"elementor-column elementor-col-100 elementor-top-column elementor-element elementor-element-7e90479f\" data-id=\"7e90479f\" data-element_type=\"column\" data-e-type=\"column\">\n\t\t\t<div class=\"elementor-widget-wrap elementor-element-populated\">\n\t\t\t\t\t\t<div class=\"elementor-element elementor-element-dc4f050 elementor-widget elementor-widget-heading\" data-id=\"dc4f050\" data-element_type=\"widget\" data-e-type=\"widget\" data-widget_type=\"heading.default\">\n\t\t\t\t<div class=\"elementor-widget-container\">\n\t\t\t\t\t<h2 class=\"elementor-heading-title elementor-size-default\">Privacy Policy<br>\n<\/h2>\t\t\t\t<\/div>\n\t\t\t\t<\/div>\n\t\t\t\t<div class=\"elementor-element elementor-element-70dbd8e elementor-widget elementor-widget-heading\" data-id=\"70dbd8e\" data-element_type=\"widget\" data-e-type=\"widget\" data-widget_type=\"heading.default\">\n\t\t\t\t<div class=\"elementor-widget-container\">\n\t\t\t\t\t<h3 class=\"elementor-heading-title elementor-size-default\">Documento informativo Art. 13 Reg. UE 2016\/679 (GDPR)<\/h3>\t\t\t\t<\/div>\n\t\t\t\t<\/div>\n\t\t\t\t<div class=\"elementor-element elementor-element-25203768 elementor-widget elementor-widget-text-editor\" data-id=\"25203768\" data-element_type=\"widget\" data-e-type=\"widget\" data-widget_type=\"text-editor.default\">\n\t\t\t\t<div class=\"elementor-widget-container\">\n\t\t\t\t\t\t\t\t\t<h5>1 &#8211; TITOLARE DEL TRATTAMENTO<\/h5><p>Il titolare del trattamento dei dati \u00e8 GH ARCHITETTI ASSOCIATI con sede legale in Via Giotto 16, 22075 Lurate Caccivio (CO), nella persona del Dott. Arch. Roberto Ghioldi.<br \/>Email: info@ghstudio.it<\/p><h5>2 &#8211; FINALIT\u00c0 E BASE GIURIDICA DEL TRATTAMENTO<\/h5><p>Il Titolare tratta Dati Personali relativi all\u2019Utente in caso sussista una delle seguenti condizioni:<br \/>&#8211; l\u2019Utente ha prestato il consenso per una o pi\u00f9 finalit\u00e0 specifiche;<br \/>&#8211; il trattamento \u00e8 necessario all&#8217;esecuzione di un contratto con l\u2019Utente e\/o all&#8217;esecuzione di misure precontrattuali;<br \/>&#8211; il trattamento \u00e8 necessario per adempiere un obbligo legale al quale \u00e8 soggetto il Titolare;<br \/>&#8211; il trattamento \u00e8 necessario per l&#8217;esecuzione di un compito di interesse pubblico o per l&#8217;esercizio di pubblici poteri di cui \u00e8 investito il Titolare;<br \/>&#8211; il trattamento \u00e8 necessario per il perseguimento del legittimo interesse del Titolare o di terzi.<br \/>I dati di natura personale forniti, saranno trattati nel rispetto delle condizioni di liceit\u00e0 ex art. 6 f) Reg. UE 2016\/679 ad es. per le seguenti finalit\u00e0 (alcune gi\u00e0 attive, altre in futuro):<br \/>&#8211; navigazione sul presente sito web;<br \/>&#8211; compilazione form per: registrazione e contatto, selezione del personale, newsletter o comunicazioni promozionali in genere;<br \/>&#8211; comunicazione alle autorit\u00e0 (es. amministrazioni comunali) al fine del conseguimento delle istanze autorizzative di costruzione e altre che vengono normalmente richieste allo Studio, secondo modalit\u00e0 sia manuali sia informatiche imposte dalle autorit\u00e0 stesso e\/o dai loro strumenti informatici.<br \/>Il sito non genera cookies specifici di profilazione, tuttavia utilizza cookies tecnici necessari per la navigazione. Proseguendo nella navigazione si accettano tali cookies tecnici.<\/p><h5>3 \u2013 MODALITA\u2019 DI TRATTAMENTO DEI DATI<\/h5><p>Il Titolare adotta le opportune misure di sicurezza volte ad impedire l\u2019accesso, la divulgazione, la modifica o la distruzione non autorizzate dei Dati Personali.<br \/>Il trattamento viene effettuato mediante strumenti informatici e\/o telematici, con modalit\u00e0 organizzative e con logiche strettamente correlate alle finalit\u00e0 indicate.<\/p><h5>4 &#8211; DESTINATARI O CATEGORIE DI DESTINATARI DEI DATI<\/h5><p>I dati non saranno diffusi, potranno essere invece comunicati da GH Architetti Associati a societ\u00e0 contrattualmente legate a GH Architetti Associati, a terzi appartenenti come Responsabili del Trattamento alle seguenti categorie: altri professionisti coinvolti nell\u2019espletamento delle pratiche e\/o lavorazioni\/costruzioni\/ristrutturazioni di cui si occupa normalmente lo Studio, Internet provider, societ\u00e0 specializzate in servizi informatici e telematici, societ\u00e0 che svolgono attivit\u00e0 di marketing, societ\u00e0 specializzate in ricerche di mercato e nell&#8217;elaborazione dati.<br \/>I dati strettamente necessari dovranno altres\u00ec essere comunicati alle autorit\u00e0 al fine del conseguimento delle istanze autorizzative normalmente richieste allo Studio<br \/>Potranno altres\u00ec essere trasmessi alle forze di polizia e alle autorit\u00e0 giudiziaria e amministrativa, in conformit\u00e0 alla legge, per l\u2019accertamento e il perseguimento di reati, la prevenzione e la salvaguardia dalle minacce alla pubblica sicurezza, per consentire a GH Architetti Associati di accertare, esercitare o difendere un diritto in sede giudiziaria, nonch\u00e9 per altre ragioni connesse alla tutela dei diritti e delle libert\u00e0 altrui.<\/p><h5>5 &#8211; PERIODO DI CONSERVAZIONE DEI DATI O CRITERI PER DETERMINARE IL PERIODO<\/h5><p>Se non diversamente indicato in questo documento, i Dati Personali sono trattati e conservati per il tempo richiesto dalla finalit\u00e0 per la quale sono stati raccolti e potrebbero essere conservati per un periodo pi\u00f9 lungo a causa di eventuali obbligazioni legali o sulla base del consenso degli Utenti.<\/p><h5>6 &#8211; DIRITTI DEGLI INTERESSATI<\/h5><p>L\u2019interessato potr\u00e0 far valere i propri diritti come espressi dal Regolamento UE 2016\/679, rivolgendosi al Titolare, inviando una e-mail all\u2019indirizzo info@ghstudio.it o scrivendo alla sede del Titolare sopra indicata. L\u2019interessato ha diritto, in qualunque momento, di chiedere al Titolare del trattamento l\u2019accesso ai Suoi dati personali (art. 15), la rettifica (art. 16) o la cancellazione (art 17) degli stessi, o la limitazione del trattamento (art 18) o di opporsi al loro trattamento basato sul legittimo interesse (art. 21). Infine, ha il diritto alla portabilit\u00e0 dei suoi dati personali (art. 20).<\/p><h5>7 \u2013 RECLAMI<\/h5><p>Se l\u2019interessato ritiene che il trattamento dei suoi dati personali sia stato svolto illegittimamente, pu\u00f2 proporre un reclamo a una delle autorit\u00e0 di controllo competenti per il rispetto delle norme in materia di protezione dei dati personali.<br \/>In Italia, il reclamo pu\u00f2 essere presentato al Garante per la Protezione dei Dati Personali.<br \/>Maggiori informazioni sulle modalit\u00e0 di presentazione sono disponibili sul sito del Garante, all\u2019indirizzo\u00a0https:\/\/www.garanteprivacy.it.<\/p><h5>8 &#8211; COMUNICAZIONE DI DATI PERSONALI &#8211; CASISTICHE<\/h5><p>La comunicazione di dati personali generalmente non \u00e8 un obbligo, cos\u00ec come non \u00e8 un obbligo visitare il presente sito. L\u2019interessato \u00e8 libero di fornire i dati personali nelle aree dedicate sul sito. Il mancato conferimento dei dati personali comporta l&#8217;impossibilit\u00e0 di fruire dei servizi offerti dal titolare del trattamento.<br \/>La comunicazione di dati personali \u00e8 obbligatoria qualora necessaria per essere comunicati alle autorit\u00e0 (es. amministrazioni comunali) al fine del conseguimento delle istanze autorizzative di costruzione e altre che vengono normalmente richieste allo Studio<br \/>In questa seconda fattispecie l\u2019interessato \u00e8 tenuto a fornire i dati personali nelle aree dedicate sul sito o tramite comunicazioni email o cartacee dirette allo Studio. Il mancato conferimento dei dati personali comporta l&#8217;impossibilit\u00e0 di fruire dei servizi offerti dal titolare del trattamento, in ordine all\u2019ottenimento dei permessi di cui sopra.<\/p><h5>9 &#8211; RIFERIMENTI LEGISLATIVI E LINK UTILI<\/h5><p>Il trattamento dei dati personali viene svolto da GH Architetti Associati nel quadro della disciplina in materia prevista dal Regolamento (UE) 2016\/679 regolamento generale sulla protezione dei dati, delle norme in materia di trattamento dei dati personali italiane e dei provvedimenti della Autorit\u00e0 di controllo italiana (https:\/\/www.garanteprivacy.it).<\/p><h5>10 &#8211; MODIFICHE ALL&#8217;INFORMATIVA SULLA PRIVACY<\/h5><p>Il titolare si riserva il diritto di modificare, aggiornare, aggiungere o rimuovere parti della presente informativa sulla privacy a propria discrezione e in qualsiasi momento. La persona interessata \u00e8 tenuta a verificare periodicamente le eventuali modifiche alla presente pagina.<\/p><p>Informativa aggiornata al: 24\/05\/2022<\/p>\t\t\t\t\t\t\t\t<\/div>\n\t\t\t\t<\/div>\n\t\t\t\t\t<\/div>\n\t\t<\/div>\n\t\t\t\t\t<\/div>\n\t\t<\/section>\n\t\t\t\t<\/div>","protected":false},"excerpt":{"rendered":"<p>Privacy Policy Documento informativo Art. 13 Reg. UE 2016\/679 (GDPR) 1 &#8211; TITOLARE DEL TRATTAMENTO Il titolare del trattamento dei dati \u00e8 GH ARCHITETTI ASSOCIATI con sede legale in Via Giotto 16, 22075 Lurate Caccivio (CO), nella persona del Dott. Arch. Roberto Ghioldi.Email: info@ghstudio.it 2 &#8211; FINALIT\u00c0 E BASE GIURIDICA DEL TRATTAMENTO Il Titolare tratta&#8230;<\/p>","protected":false},"author":1,"featured_media":0,"parent":0,"menu_order":0,"comment_status":"closed","ping_status":"open","template":"","meta":{"_tbt_post_transparent":"","_tbt_post_title":"","_tbt_post_layout":"","_tbt_post_sidebar_id":"","_tbt_post_content_style":"","_tbt_post_vertical_padding":"","_tbt_post_feature":"","_tbt_post_feature_position":"","_tbt_post_header":false,"_tbt_post_footer":false},"class_list":["post-9256","page","type-page","status-publish","hentry"],"_links":{"self":[{"href":"https:\/\/www.ghstudio.it\/en\/wp-json\/wp\/v2\/pages\/9256","targetHints":{"allow":["GET"]}}],"collection":[{"href":"https:\/\/www.ghstudio.it\/en\/wp-json\/wp\/v2\/pages"}],"about":[{"href":"https:\/\/www.ghstudio.it\/en\/wp-json\/wp\/v2\/types\/page"}],"author":[{"embeddable":true,"href":"https:\/\/www.ghstudio.it\/en\/wp-json\/wp\/v2\/users\/1"}],"replies":[{"embeddable":true,"href":"https:\/\/www.ghstudio.it\/en\/wp-json\/wp\/v2\/comments?post=9256"}],"version-history":[{"count":10,"href":"https:\/\/www.ghstudio.it\/en\/wp-json\/wp\/v2\/pages\/9256\/revisions"}],"predecessor-version":[{"id":10204,"href":"https:\/\/www.ghstudio.it\/en\/wp-json\/wp\/v2\/pages\/9256\/revisions\/10204"}],"wp:attachment":[{"href":"https:\/\/www.ghstudio.it\/en\/wp-json\/wp\/v2\/media?parent=9256"}],"curies":[{"name":"wp","href":"https:\/\/api.w.org\/{rel}","templated":true}]}}