{"id":9551,"date":"2021-11-23T11:34:14","date_gmt":"2021-11-23T11:34:14","guid":{"rendered":"https:\/\/wp.themedemo.org\/WCM07\/WCM070159\/WP1\/?page_id=5"},"modified":"2026-03-10T16:05:14","modified_gmt":"2026-03-10T15:05:14","slug":"home-2","status":"publish","type":"page","link":"https:\/\/www.ghstudio.it\/en\/","title":{"rendered":"Home"},"content":{"rendered":"<div data-elementor-type=\"wp-page\" data-elementor-id=\"9551\" class=\"elementor elementor-9551\">\n\t\t\t\t\t\t<div class=\"elementor-section elementor-top-section elementor-element elementor-element-7c6ed5e elementor-section-boxed elementor-section-height-default elementor-section-height-default\" data-id=\"7c6ed5e\" data-element_type=\"section\" data-e-type=\"section\">\n\t\t\t\t\t\t<div class=\"elementor-container elementor-column-gap-default\">\n\t\t\t\t\t<div class=\"elementor-column elementor-col-100 elementor-top-column elementor-element elementor-element-622f4be\" data-id=\"622f4be\" data-element_type=\"column\" data-e-type=\"column\">\n\t\t\t<div class=\"elementor-widget-wrap elementor-element-populated\">\n\t\t\t\t\t\t<div class=\"elementor-element elementor-element-e512fd7 elementor-widget elementor-widget-heading\" data-id=\"e512fd7\" data-element_type=\"widget\" data-e-type=\"widget\" data-widget_type=\"heading.default\">\n\t\t\t\t<div class=\"elementor-widget-container\">\n\t\t\t\t\t<span class=\"elementor-heading-title elementor-size-default\">ARCHITECTURE IS THE ADAPTATION OF FORMS TO CONTRARY FORCES<\/span>\t\t\t\t<\/div>\n\t\t\t\t<\/div>\n\t\t\t\t<div class=\"elementor-element elementor-element-932130f elementor-widget elementor-widget-heading\" data-id=\"932130f\" data-element_type=\"widget\" data-e-type=\"widget\" data-widget_type=\"heading.default\">\n\t\t\t\t<div class=\"elementor-widget-container\">\n\t\t\t\t\t<h2 class=\"elementor-heading-title elementor-size-default\">Recent Projects<\/h2>\t\t\t\t<\/div>\n\t\t\t\t<\/div>\n\t\t\t\t<div class=\"elementor-section elementor-inner-section elementor-element elementor-element-58c3f02b gallery-box elementor-section-boxed elementor-section-height-default elementor-section-height-default\" data-id=\"58c3f02b\" data-element_type=\"section\" data-e-type=\"section\">\n\t\t\t\t\t\t<div class=\"elementor-container elementor-column-gap-default\">\n\t\t\t\t\t<div class=\"elementor-column elementor-col-33 elementor-inner-column elementor-element elementor-element-553606e0 gallery-item\" data-id=\"553606e0\" data-element_type=\"column\" data-e-type=\"column\">\n\t\t\t<div class=\"elementor-widget-wrap elementor-element-populated\">\n\t\t\t\t\t\t<div class=\"elementor-element elementor-element-7ee6a9ce gallery-banner elementor-widget elementor-widget-image\" data-id=\"7ee6a9ce\" data-element_type=\"widget\" data-e-type=\"widget\" data-widget_type=\"image.default\">\n\t\t\t\t<div class=\"elementor-widget-container\">\n\t\t\t\t\t\t\t\t\t\t\t\t\t\t\t\t<a href=\"https:\/\/www.ghstudio.it\/en\/2026\/03\/10\/dimora-storica-2\/\">\n\t\t\t\t\t\t\t<img fetchpriority=\"high\" decoding=\"async\" width=\"768\" height=\"909\" src=\"https:\/\/www.ghstudio.it\/wp-content\/uploads\/2026\/03\/CRD-HP.jpg\" class=\"attachment-full size-full wp-image-10576\" alt=\"\" srcset=\"https:\/\/www.ghstudio.it\/wp-content\/uploads\/2026\/03\/CRD-HP.jpg 768w, https:\/\/www.ghstudio.it\/wp-content\/uploads\/2026\/03\/CRD-HP-253x300.jpg 253w, https:\/\/www.ghstudio.it\/wp-content\/uploads\/2026\/03\/CRD-HP-10x12.jpg 10w\" sizes=\"(max-width: 768px) 100vw, 768px\" \/>\t\t\t\t\t\t\t\t<\/a>\n\t\t\t\t\t\t\t\t\t\t\t\t\t\t\t<\/div>\n\t\t\t\t<\/div>\n\t\t\t\t<div class=\"elementor-element elementor-element-55d5073d gallery-banner elementor-widget elementor-widget-image\" data-id=\"55d5073d\" data-element_type=\"widget\" data-e-type=\"widget\" data-widget_type=\"image.default\">\n\t\t\t\t<div class=\"elementor-widget-container\">\n\t\t\t\t\t\t\t\t\t\t\t\t\t\t\t\t<a href=\"https:\/\/www.ghstudio.it\/en\/2024\/10\/07\/coiff\/\">\n\t\t\t\t\t\t\t<img decoding=\"async\" width=\"568\" height=\"570\" src=\"https:\/\/www.ghstudio.it\/wp-content\/uploads\/2024\/10\/PC-C-0.jpg\" class=\"attachment-full size-full wp-image-10236\" alt=\"\" srcset=\"https:\/\/www.ghstudio.it\/wp-content\/uploads\/2024\/10\/PC-C-0.jpg 568w, https:\/\/www.ghstudio.it\/wp-content\/uploads\/2024\/10\/PC-C-0-300x300.jpg 300w, https:\/\/www.ghstudio.it\/wp-content\/uploads\/2024\/10\/PC-C-0-150x150.jpg 150w\" sizes=\"(max-width: 568px) 100vw, 568px\" \/>\t\t\t\t\t\t\t\t<\/a>\n\t\t\t\t\t\t\t\t\t\t\t\t\t\t\t<\/div>\n\t\t\t\t<\/div>\n\t\t\t\t<div class=\"elementor-element elementor-element-62698cb gallery-banner elementor-widget elementor-widget-image\" data-id=\"62698cb\" data-element_type=\"widget\" data-e-type=\"widget\" data-widget_type=\"image.default\">\n\t\t\t\t<div class=\"elementor-widget-container\">\n\t\t\t\t\t\t\t\t\t\t\t\t\t\t\t\t<a href=\"https:\/\/www.ghstudio.it\/en\/?p=10310\">\n\t\t\t\t\t\t\t<img decoding=\"async\" width=\"1091\" height=\"1080\" src=\"https:\/\/www.ghstudio.it\/wp-content\/uploads\/2024\/10\/GG-00.jpg\" class=\"attachment-full size-full wp-image-10304\" alt=\"\" srcset=\"https:\/\/www.ghstudio.it\/wp-content\/uploads\/2024\/10\/GG-00.jpg 1091w, https:\/\/www.ghstudio.it\/wp-content\/uploads\/2024\/10\/GG-00-300x297.jpg 300w, https:\/\/www.ghstudio.it\/wp-content\/uploads\/2024\/10\/GG-00-1024x1014.jpg 1024w, https:\/\/www.ghstudio.it\/wp-content\/uploads\/2024\/10\/GG-00-768x760.jpg 768w\" sizes=\"(max-width: 1091px) 100vw, 1091px\" \/>\t\t\t\t\t\t\t\t<\/a>\n\t\t\t\t\t\t\t\t\t\t\t\t\t\t\t<\/div>\n\t\t\t\t<\/div>\n\t\t\t\t\t<\/div>\n\t\t<\/div>\n\t\t\t\t<div class=\"elementor-column elementor-col-33 elementor-inner-column elementor-element elementor-element-1db2530 gallery-item\" data-id=\"1db2530\" data-element_type=\"column\" data-e-type=\"column\">\n\t\t\t<div class=\"elementor-widget-wrap elementor-element-populated\">\n\t\t\t\t\t\t<div class=\"elementor-element elementor-element-5a11bd6b gallery-banner elementor-widget elementor-widget-image\" data-id=\"5a11bd6b\" data-element_type=\"widget\" data-e-type=\"widget\" data-widget_type=\"image.default\">\n\t\t\t\t<div class=\"elementor-widget-container\">\n\t\t\t\t\t\t\t\t\t\t\t\t\t\t\t\t<a href=\"https:\/\/www.ghstudio.it\/en\/2024\/10\/31\/villa-k\/\">\n\t\t\t\t\t\t\t<img loading=\"lazy\" decoding=\"async\" width=\"2560\" height=\"1920\" src=\"https:\/\/www.ghstudio.it\/wp-content\/uploads\/2024\/10\/KC-01-scaled.jpg\" class=\"attachment-full size-full wp-image-10280\" alt=\"\" srcset=\"https:\/\/www.ghstudio.it\/wp-content\/uploads\/2024\/10\/KC-01-scaled.jpg 2560w, https:\/\/www.ghstudio.it\/wp-content\/uploads\/2024\/10\/KC-01-300x225.jpg 300w, https:\/\/www.ghstudio.it\/wp-content\/uploads\/2024\/10\/KC-01-1024x768.jpg 1024w, https:\/\/www.ghstudio.it\/wp-content\/uploads\/2024\/10\/KC-01-768x576.jpg 768w, https:\/\/www.ghstudio.it\/wp-content\/uploads\/2024\/10\/KC-01-1536x1152.jpg 1536w, https:\/\/www.ghstudio.it\/wp-content\/uploads\/2024\/10\/KC-01-2048x1536.jpg 2048w\" sizes=\"(max-width: 2560px) 100vw, 2560px\" \/>\t\t\t\t\t\t\t\t<\/a>\n\t\t\t\t\t\t\t\t\t\t\t\t\t\t\t<\/div>\n\t\t\t\t<\/div>\n\t\t\t\t<div class=\"elementor-element elementor-element-645dfde3 gallery-banner elementor-widget elementor-widget-image\" data-id=\"645dfde3\" data-element_type=\"widget\" data-e-type=\"widget\" data-widget_type=\"image.default\">\n\t\t\t\t<div class=\"elementor-widget-container\">\n\t\t\t\t\t\t\t\t\t\t\t\t\t\t\t\t<a href=\"https:\/\/www.ghstudio.it\/en\/2022\/03\/01\/casale-b\/\">\n\t\t\t\t\t\t\t<img loading=\"lazy\" decoding=\"async\" width=\"2152\" height=\"2560\" src=\"https:\/\/www.ghstudio.it\/wp-content\/uploads\/2024\/01\/05-casale-B-scaled.jpg\" class=\"attachment-full size-full wp-image-9683\" alt=\"\" srcset=\"https:\/\/www.ghstudio.it\/wp-content\/uploads\/2024\/01\/05-casale-B-scaled.jpg 2152w, https:\/\/www.ghstudio.it\/wp-content\/uploads\/2024\/01\/05-casale-B-252x300.jpg 252w, https:\/\/www.ghstudio.it\/wp-content\/uploads\/2024\/01\/05-casale-B-861x1024.jpg 861w, https:\/\/www.ghstudio.it\/wp-content\/uploads\/2024\/01\/05-casale-B-768x913.jpg 768w, https:\/\/www.ghstudio.it\/wp-content\/uploads\/2024\/01\/05-casale-B-1291x1536.jpg 1291w, https:\/\/www.ghstudio.it\/wp-content\/uploads\/2024\/01\/05-casale-B-1722x2048.jpg 1722w\" sizes=\"(max-width: 2152px) 100vw, 2152px\" \/>\t\t\t\t\t\t\t\t<\/a>\n\t\t\t\t\t\t\t\t\t\t\t\t\t\t\t<\/div>\n\t\t\t\t<\/div>\n\t\t\t\t<div class=\"elementor-element elementor-element-8c6b613 gallery-banner elementor-widget elementor-widget-image\" data-id=\"8c6b613\" data-element_type=\"widget\" data-e-type=\"widget\" data-widget_type=\"image.default\">\n\t\t\t\t<div class=\"elementor-widget-container\">\n\t\t\t\t\t\t\t\t\t\t\t\t\t\t\t\t<a href=\"https:\/\/www.ghstudio.it\/en\/2022\/02\/14\/villa-l\/\">\n\t\t\t\t\t\t\t<img loading=\"lazy\" decoding=\"async\" width=\"1928\" height=\"2263\" src=\"https:\/\/www.ghstudio.it\/wp-content\/uploads\/2024\/01\/06-villa-L-rotated-e1705745276390.jpg\" class=\"attachment-full size-full wp-image-9684\" alt=\"\" srcset=\"https:\/\/www.ghstudio.it\/wp-content\/uploads\/2024\/01\/06-villa-L-rotated-e1705745276390.jpg 1928w, https:\/\/www.ghstudio.it\/wp-content\/uploads\/2024\/01\/06-villa-L-rotated-e1705745276390-256x300.jpg 256w, https:\/\/www.ghstudio.it\/wp-content\/uploads\/2024\/01\/06-villa-L-rotated-e1705745276390-872x1024.jpg 872w, https:\/\/www.ghstudio.it\/wp-content\/uploads\/2024\/01\/06-villa-L-rotated-e1705745276390-768x901.jpg 768w, https:\/\/www.ghstudio.it\/wp-content\/uploads\/2024\/01\/06-villa-L-rotated-e1705745276390-1309x1536.jpg 1309w, https:\/\/www.ghstudio.it\/wp-content\/uploads\/2024\/01\/06-villa-L-rotated-e1705745276390-1745x2048.jpg 1745w\" sizes=\"(max-width: 1928px) 100vw, 1928px\" \/>\t\t\t\t\t\t\t\t<\/a>\n\t\t\t\t\t\t\t\t\t\t\t\t\t\t\t<\/div>\n\t\t\t\t<\/div>\n\t\t\t\t\t<\/div>\n\t\t<\/div>\n\t\t\t\t<div class=\"elementor-column elementor-col-33 elementor-inner-column elementor-element elementor-element-4f6cd37 gallery-item\" data-id=\"4f6cd37\" data-element_type=\"column\" data-e-type=\"column\">\n\t\t\t<div class=\"elementor-widget-wrap elementor-element-populated\">\n\t\t\t\t\t\t<div class=\"elementor-element elementor-element-710312c6 gallery-banner elementor-widget elementor-widget-image\" data-id=\"710312c6\" data-element_type=\"widget\" data-e-type=\"widget\" data-widget_type=\"image.default\">\n\t\t\t\t<div class=\"elementor-widget-container\">\n\t\t\t\t\t\t\t\t\t\t\t\t\t\t\t\t<a href=\"https:\/\/www.ghstudio.it\/en\/2025\/11\/27\/villa-m\/\">\n\t\t\t\t\t\t\t<img loading=\"lazy\" decoding=\"async\" width=\"2001\" height=\"2020\" src=\"https:\/\/www.ghstudio.it\/wp-content\/uploads\/2025\/11\/Image00.jpg\" class=\"attachment-full size-full wp-image-10337\" alt=\"\" srcset=\"https:\/\/www.ghstudio.it\/wp-content\/uploads\/2025\/11\/Image00.jpg 2001w, https:\/\/www.ghstudio.it\/wp-content\/uploads\/2025\/11\/Image00-297x300.jpg 297w, https:\/\/www.ghstudio.it\/wp-content\/uploads\/2025\/11\/Image00-1014x1024.jpg 1014w, https:\/\/www.ghstudio.it\/wp-content\/uploads\/2025\/11\/Image00-150x150.jpg 150w, https:\/\/www.ghstudio.it\/wp-content\/uploads\/2025\/11\/Image00-768x775.jpg 768w, https:\/\/www.ghstudio.it\/wp-content\/uploads\/2025\/11\/Image00-1522x1536.jpg 1522w\" sizes=\"(max-width: 2001px) 100vw, 2001px\" \/>\t\t\t\t\t\t\t\t<\/a>\n\t\t\t\t\t\t\t\t\t\t\t\t\t\t\t<\/div>\n\t\t\t\t<\/div>\n\t\t\t\t<div class=\"elementor-element elementor-element-28d11a8f gallery-banner elementor-widget elementor-widget-image\" data-id=\"28d11a8f\" data-element_type=\"widget\" data-e-type=\"widget\" data-widget_type=\"image.default\">\n\t\t\t\t<div class=\"elementor-widget-container\">\n\t\t\t\t\t\t\t\t\t\t\t\t\t\t\t\t<a href=\"https:\/\/www.ghstudio.it\/en\/2026\/03\/10\/dimora-storica\/\">\n\t\t\t\t\t\t\t<img loading=\"lazy\" decoding=\"async\" width=\"683\" height=\"738\" src=\"https:\/\/www.ghstudio.it\/wp-content\/uploads\/2026\/03\/CST-HP.jpg\" class=\"attachment-full size-full wp-image-10563\" alt=\"\" srcset=\"https:\/\/www.ghstudio.it\/wp-content\/uploads\/2026\/03\/CST-HP.jpg 683w, https:\/\/www.ghstudio.it\/wp-content\/uploads\/2026\/03\/CST-HP-278x300.jpg 278w, https:\/\/www.ghstudio.it\/wp-content\/uploads\/2026\/03\/CST-HP-11x12.jpg 11w\" sizes=\"(max-width: 683px) 100vw, 683px\" \/>\t\t\t\t\t\t\t\t<\/a>\n\t\t\t\t\t\t\t\t\t\t\t\t\t\t\t<\/div>\n\t\t\t\t<\/div>\n\t\t\t\t<div class=\"elementor-element elementor-element-0ecffa9 gallery-banner elementor-widget elementor-widget-image\" data-id=\"0ecffa9\" data-element_type=\"widget\" data-e-type=\"widget\" data-widget_type=\"image.default\">\n\t\t\t\t<div class=\"elementor-widget-container\">\n\t\t\t\t\t\t\t\t\t\t\t\t\t\t\t\t<a href=\"https:\/\/www.ghstudio.it\/en\/2022\/04\/10\/casa-b\/\">\n\t\t\t\t\t\t\t<img loading=\"lazy\" decoding=\"async\" width=\"2533\" height=\"2560\" src=\"https:\/\/www.ghstudio.it\/wp-content\/uploads\/2024\/01\/09-Casa-b-scaled.jpg\" class=\"attachment-full size-full wp-image-9687\" alt=\"\" srcset=\"https:\/\/www.ghstudio.it\/wp-content\/uploads\/2024\/01\/09-Casa-b-scaled.jpg 2533w, https:\/\/www.ghstudio.it\/wp-content\/uploads\/2024\/01\/09-Casa-b-297x300.jpg 297w, https:\/\/www.ghstudio.it\/wp-content\/uploads\/2024\/01\/09-Casa-b-1013x1024.jpg 1013w, https:\/\/www.ghstudio.it\/wp-content\/uploads\/2024\/01\/09-Casa-b-768x776.jpg 768w, https:\/\/www.ghstudio.it\/wp-content\/uploads\/2024\/01\/09-Casa-b-1520x1536.jpg 1520w, https:\/\/www.ghstudio.it\/wp-content\/uploads\/2024\/01\/09-Casa-b-2026x2048.jpg 2026w\" sizes=\"(max-width: 2533px) 100vw, 2533px\" \/>\t\t\t\t\t\t\t\t<\/a>\n\t\t\t\t\t\t\t\t\t\t\t\t\t\t\t<\/div>\n\t\t\t\t<\/div>\n\t\t\t\t\t<\/div>\n\t\t<\/div>\n\t\t\t\t\t<\/div>\n\t\t<\/div>\n\t\t\t\t\t<\/div>\n\t\t<\/div>\n\t\t\t\t\t<\/div>\n\t\t<\/div>\n\t\t\t\t<div class=\"elementor-section elementor-top-section elementor-element elementor-element-e2f022c elementor-section-boxed elementor-section-height-default elementor-section-height-default\" data-id=\"e2f022c\" data-element_type=\"section\" data-e-type=\"section\">\n\t\t\t\t\t\t<div class=\"elementor-container elementor-column-gap-default\">\n\t\t\t\t\t<div class=\"elementor-column elementor-col-100 elementor-top-column elementor-element elementor-element-9be6b70\" data-id=\"9be6b70\" data-element_type=\"column\" data-e-type=\"column\">\n\t\t\t<div class=\"elementor-widget-wrap elementor-element-populated\">\n\t\t\t\t\t\t<div class=\"elementor-element elementor-element-fc8d908 elementor-widget elementor-widget-heading\" data-id=\"fc8d908\" data-element_type=\"widget\" data-e-type=\"widget\" data-widget_type=\"heading.default\">\n\t\t\t\t<div class=\"elementor-widget-container\">\n\t\t\t\t\t<h2 class=\"elementor-heading-title elementor-size-default\">Our areas of expertise<\/h2>\t\t\t\t<\/div>\n\t\t\t\t<\/div>\n\t\t\t\t<div class=\"elementor-section elementor-inner-section elementor-element elementor-element-ffffd98 team-main elementor-section-boxed elementor-section-height-default elementor-section-height-default\" data-id=\"ffffd98\" data-element_type=\"section\" data-e-type=\"section\">\n\t\t\t\t\t\t<div class=\"elementor-container elementor-column-gap-default\">\n\t\t\t\t\t<div class=\"elementor-column elementor-col-33 elementor-inner-column elementor-element elementor-element-963fce1\" data-id=\"963fce1\" data-element_type=\"column\" data-e-type=\"column\">\n\t\t\t<div class=\"elementor-widget-wrap elementor-element-populated\">\n\t\t\t\t\t\t<div class=\"elementor-element elementor-element-01a7cb9 elementor-position-top elementor-widget elementor-widget-image-box\" data-id=\"01a7cb9\" data-element_type=\"widget\" data-e-type=\"widget\" data-widget_type=\"image-box.default\">\n\t\t\t\t<div class=\"elementor-widget-container\">\n\t\t\t\t\t<div class=\"elementor-image-box-wrapper\"><figure class=\"elementor-image-box-img\"><a href=\"\/en\/architettura\/\" tabindex=\"-1\"><img decoding=\"async\" src=\"https:\/\/www.ghstudio.it\/wp-content\/uploads\/elementor\/thumbs\/Architettura-qioym4rqa1lzhe1fojv4jq9153uzjuyifzsl1qbmao.jpg\" title=\"Architecture\" alt=\"Architettura\" loading=\"lazy\" \/><\/a><\/figure><div class=\"elementor-image-box-content\"><span class=\"elementor-image-box-title\"><a href=\"\/en\/architettura\/\">Architecture<\/a><\/span><\/div><\/div>\t\t\t\t<\/div>\n\t\t\t\t<\/div>\n\t\t\t\t\t<\/div>\n\t\t<\/div>\n\t\t\t\t<div class=\"elementor-column elementor-col-33 elementor-inner-column elementor-element elementor-element-9e2a5ed\" data-id=\"9e2a5ed\" data-element_type=\"column\" data-e-type=\"column\">\n\t\t\t<div class=\"elementor-widget-wrap elementor-element-populated\">\n\t\t\t\t\t\t<div class=\"elementor-element elementor-element-7a4938e elementor-position-top elementor-widget elementor-widget-image-box\" data-id=\"7a4938e\" data-element_type=\"widget\" data-e-type=\"widget\" data-widget_type=\"image-box.default\">\n\t\t\t\t<div class=\"elementor-widget-container\">\n\t\t\t\t\t<div class=\"elementor-image-box-wrapper\"><figure class=\"elementor-image-box-img\"><a href=\"\/en\/arte\/\" tabindex=\"-1\"><img decoding=\"async\" src=\"https:\/\/www.ghstudio.it\/wp-content\/uploads\/elementor\/thumbs\/Arte-qioym5pkgvn9t002j29r480hqhqcrk28s4g2j0a84g.jpg\" title=\"Arte\" alt=\"Arte\" loading=\"lazy\" \/><\/a><\/figure><div class=\"elementor-image-box-content\"><span class=\"elementor-image-box-title\"><a href=\"\/en\/arte\/\">Arte<\/a><\/span><\/div><\/div>\t\t\t\t<\/div>\n\t\t\t\t<\/div>\n\t\t\t\t\t<\/div>\n\t\t<\/div>\n\t\t\t\t<div class=\"elementor-column elementor-col-33 elementor-inner-column elementor-element elementor-element-cd94e75\" data-id=\"cd94e75\" data-element_type=\"column\" data-e-type=\"column\">\n\t\t\t<div class=\"elementor-widget-wrap elementor-element-populated\">\n\t\t\t\t\t\t<div class=\"elementor-element elementor-element-41eda27 elementor-position-top elementor-widget elementor-widget-image-box\" data-id=\"41eda27\" data-element_type=\"widget\" data-e-type=\"widget\" data-widget_type=\"image-box.default\">\n\t\t\t\t<div class=\"elementor-widget-container\">\n\t\t\t\t\t<div class=\"elementor-image-box-wrapper\"><figure class=\"elementor-image-box-img\"><a href=\"\/en\/territorio\/\" tabindex=\"-1\"><img decoding=\"async\" src=\"https:\/\/www.ghstudio.it\/wp-content\/uploads\/elementor\/thumbs\/Territorio-qioym6nenpok4lypdkodoprybvlpz95z493k0a8ty8.jpg\" title=\"Territory\" alt=\"Territorio\" loading=\"lazy\" \/><\/a><\/figure><div class=\"elementor-image-box-content\"><span class=\"elementor-image-box-title\"><a href=\"\/en\/territorio\/\">Territory<\/a><\/span><\/div><\/div>\t\t\t\t<\/div>\n\t\t\t\t<\/div>\n\t\t\t\t\t<\/div>\n\t\t<\/div>\n\t\t\t\t\t<\/div>\n\t\t<\/div>\n\t\t\t\t\t<\/div>\n\t\t<\/div>\n\t\t\t\t\t<\/div>\n\t\t<\/div>\n\t\t\t\t<div class=\"elementor-section elementor-top-section elementor-element elementor-element-8d26a42 elementor-section-full_width elementor-section-stretched elementor-section-height-min-height elementor-section-height-default elementor-section-items-middle\" data-id=\"8d26a42\" data-element_type=\"section\" data-e-type=\"section\" data-settings=\"{&quot;background_background&quot;:&quot;classic&quot;,&quot;stretch_section&quot;:&quot;section-stretched&quot;}\">\n\t\t\t\t\t\t<div class=\"elementor-container elementor-column-gap-default\">\n\t\t\t\t\t<div class=\"elementor-column elementor-col-100 elementor-top-column elementor-element elementor-element-092380b\" data-id=\"092380b\" data-element_type=\"column\" data-e-type=\"column\">\n\t\t\t<div class=\"elementor-widget-wrap elementor-element-populated\">\n\t\t\t\t\t\t<div class=\"elementor-element elementor-element-65fe017 elementor-view-default elementor-widget elementor-widget-icon\" data-id=\"65fe017\" data-element_type=\"widget\" data-e-type=\"widget\" data-widget_type=\"icon.default\">\n\t\t\t\t<div class=\"elementor-widget-container\">\n\t\t\t\t\t\t\t<div class=\"elementor-icon-wrapper\">\n\t\t\t<div class=\"elementor-icon\">\n\t\t\t<i aria-hidden=\"true\" class=\"fas fa-quote-right\"><\/i>\t\t\t<\/div>\n\t\t<\/div>\n\t\t\t\t\t\t<\/div>\n\t\t\t\t<\/div>\n\t\t\t\t<div class=\"elementor-section elementor-inner-section elementor-element elementor-element-4005d14 elementor-section-content-space-between elementor-section-full_width elementor-section-height-default elementor-section-height-default\" data-id=\"4005d14\" data-element_type=\"section\" data-e-type=\"section\">\n\t\t\t\t\t\t<div class=\"elementor-container elementor-column-gap-default\">\n\t\t\t\t\t<div class=\"elementor-column elementor-col-100 elementor-inner-column elementor-element elementor-element-9a1015d\" data-id=\"9a1015d\" data-element_type=\"column\" data-e-type=\"column\" data-settings=\"{&quot;background_background&quot;:&quot;classic&quot;}\">\n\t\t\t<div class=\"elementor-widget-wrap elementor-element-populated\">\n\t\t\t\t\t\t<div class=\"elementor-element elementor-element-736c92d elementor-widget elementor-widget-testimonial\" data-id=\"736c92d\" data-element_type=\"widget\" data-e-type=\"widget\" data-widget_type=\"testimonial.default\">\n\t\t\t\t<div class=\"elementor-widget-container\">\n\t\t\t\t\t\t\t<div class=\"elementor-testimonial-wrapper\">\n\t\t\t\t\t\t\t<div class=\"elementor-testimonial-content\">\u201cIt is not concrete, it is not wood, it is not stone, it is not steel, it is not glass that is the most resistant element. The most resistant material in construction is Art.\u201d<\/div>\n\t\t\t\n\t\t\t\t\t\t<div class=\"elementor-testimonial-meta\">\n\t\t\t\t<div class=\"elementor-testimonial-meta-inner\">\n\t\t\t\t\t\n\t\t\t\t\t\t\t\t\t\t<div class=\"elementor-testimonial-details\">\n\t\t\t\t\t\t\t\t\t\t\t\t\t\t<div class=\"elementor-testimonial-name\">Gio Ponti<\/div>\n\t\t\t\t\t\t\t\t\t\t\t\t\t\t\t\t\t\t\t<\/div>\n\t\t\t\t\t\t\t\t\t<\/div>\n\t\t\t<\/div>\n\t\t\t\t\t<\/div>\n\t\t\t\t\t\t<\/div>\n\t\t\t\t<\/div>\n\t\t\t\t\t<\/div>\n\t\t<\/div>\n\t\t\t\t\t<\/div>\n\t\t<\/div>\n\t\t\t\t\t<\/div>\n\t\t<\/div>\n\t\t\t\t\t<\/div>\n\t\t<\/div>\n\t\t\t\t<\/div>","protected":false},"excerpt":{"rendered":"<p>L\u2019ARCHITETTURA \u00c8 L\u2019ADATTARSI DELLE FORME A FORZE CONTRARIE Progetti Recenti Le nostre aree di competenza Architettura Arte Territorio \u201cNon \u00e8 il cemento, non \u00e8 il legno, non \u00e8 la pietra, non \u00e8 l\u2019acciaio, non \u00e8 il vetro l\u2019elemento pi\u00f9 resistente. Il materiale pi\u00f9 resistente nell\u2019edilizia \u00e8 l\u2019arte.\u201d Gio Ponti<\/p>","protected":false},"author":1,"featured_media":0,"parent":0,"menu_order":0,"comment_status":"closed","ping_status":"closed","template":"","meta":{"_tbt_post_transparent":"","_tbt_post_title":"hide","_tbt_post_layout":"normal","_tbt_post_sidebar_id":"","_tbt_post_content_style":"unboxed","_tbt_post_vertical_padding":"hide","_tbt_post_feature":"","_tbt_post_feature_position":"","_tbt_post_header":false,"_tbt_post_footer":false},"class_list":["post-9551","page","type-page","status-publish","hentry"],"_links":{"self":[{"href":"https:\/\/www.ghstudio.it\/en\/wp-json\/wp\/v2\/pages\/9551","targetHints":{"allow":["GET"]}}],"collection":[{"href":"https:\/\/www.ghstudio.it\/en\/wp-json\/wp\/v2\/pages"}],"about":[{"href":"https:\/\/www.ghstudio.it\/en\/wp-json\/wp\/v2\/types\/page"}],"author":[{"embeddable":true,"href":"https:\/\/www.ghstudio.it\/en\/wp-json\/wp\/v2\/users\/1"}],"replies":[{"embeddable":true,"href":"https:\/\/www.ghstudio.it\/en\/wp-json\/wp\/v2\/comments?post=9551"}],"version-history":[{"count":185,"href":"https:\/\/www.ghstudio.it\/en\/wp-json\/wp\/v2\/pages\/9551\/revisions"}],"predecessor-version":[{"id":10594,"href":"https:\/\/www.ghstudio.it\/en\/wp-json\/wp\/v2\/pages\/9551\/revisions\/10594"}],"wp:attachment":[{"href":"https:\/\/www.ghstudio.it\/en\/wp-json\/wp\/v2\/media?parent=9551"}],"curies":[{"name":"wp","href":"https:\/\/api.w.org\/{rel}","templated":true}]}}